{"id":1308,"date":"2023-07-26T19:13:44","date_gmt":"2023-07-27T00:13:44","guid":{"rendered":"https:\/\/dunger.com.co\/?post_type=product&#038;p=1308"},"modified":"2025-01-28T16:11:21","modified_gmt":"2025-01-28T21:11:21","slug":"alguizinc","status":"publish","type":"product","link":"https:\/\/dunger.com.co\/en\/product\/alguizinc\/","title":{"rendered":"ALGUIZINC"},"content":{"rendered":"<p>Highly concentrated fluid formulation in zinc that contains between 5 and 6 times the concentration of a typical liquid zinc chelate, the particles are below 5 microns which allows entry through the plant's stomata, contains a high concentration of alginic acid, mannitol and secondary metabolites which will help achieve better yields.<\/p>\n<div class=\"composicion\">\n<p>Guaranteed composition<\/p>\n<\/div>\n<div class=\"container\">\n<table>\n<tbody>\n<tr>\n<td>Zinc (Zn)<\/td>\n<td>996 g\/L<\/td>\n<\/tr>\n<tr>\n<td>Oxidizable Organic Carbon<\/td>\n<td>8,06 g\/L<\/td>\n<\/tr>\n<tr>\n<td>pH (Sin al 10% &#8211; 25\u00b0C) (CO)<\/td>\n<td>9,6<\/td>\n<\/tr>\n<tr>\n<td>Conductividad Electrica<\/td>\n<td>1:100 0,04 ds\/m<\/td>\n<\/tr>\n<tr>\n<td>Densidad (25\u00b0)<\/td>\n<td>1,91 g\/c.c.<\/td>\n<\/tr>\n<\/tbody>\n<\/table>\n<\/div>\n<div class=\"presentacion\">\n<p>Available in: 1 litre, 4 litres, 20 litres<\/p>\n<\/div>\n<div class=\"descargas\">\n<p>Find out more in the documents below!<\/p>\n<\/div>\n<div class=\"flex\"><a class=\"fcc-btn\" href=\"http:\/\/dunger.com.co\/wp-content\/uploads\/2025\/01\/PProductos_Files__43183370.FichaTecnica.134019.pdf\" target=\"_blank\" rel=\"noopener\">Technical data sheet<\/a><a class=\"fcc-btn\" href=\"http:\/\/dunger.com.co\/wp-content\/uploads\/2025\/01\/PProductos_Files__43183370.HojaSeguridad.204921.pdf\" target=\"_blank\" rel=\"noopener\">Safety data sheet<\/a><\/div>","protected":false},"excerpt":{"rendered":"<p>Formulaci\u00f3n fluida altamente concentrada en zinc que contiene entre 5 y 6 veces la concentraci\u00f3n de un quelato t\u00edpico liquido de zinc, las part\u00edculas se encuentras por debajo de 5 micras lo cual permite el ingreso por medio de los estomas de la planta, contiene alta concentraci\u00f3n de acido alguinico, manitol y metabolitos secundarios los [&hellip;]<\/p>","protected":false},"featured_media":2281,"comment_status":"open","ping_status":"closed","template":"","meta":[],"product_cat":[21],"product_tag":[],"_links":{"self":[{"href":"https:\/\/dunger.com.co\/en\/wp-json\/wp\/v2\/product\/1308"}],"collection":[{"href":"https:\/\/dunger.com.co\/en\/wp-json\/wp\/v2\/product"}],"about":[{"href":"https:\/\/dunger.com.co\/en\/wp-json\/wp\/v2\/types\/product"}],"replies":[{"embeddable":true,"href":"https:\/\/dunger.com.co\/en\/wp-json\/wp\/v2\/comments?post=1308"}],"wp:featuredmedia":[{"embeddable":true,"href":"https:\/\/dunger.com.co\/en\/wp-json\/wp\/v2\/media\/2281"}],"wp:attachment":[{"href":"https:\/\/dunger.com.co\/en\/wp-json\/wp\/v2\/media?parent=1308"}],"wp:term":[{"taxonomy":"product_cat","embeddable":true,"href":"https:\/\/dunger.com.co\/en\/wp-json\/wp\/v2\/product_cat?post=1308"},{"taxonomy":"product_tag","embeddable":true,"href":"https:\/\/dunger.com.co\/en\/wp-json\/wp\/v2\/product_tag?post=1308"}],"curies":[{"name":"wp","href":"https:\/\/api.w.org\/{rel}","templated":true}]}}