{"id":1316,"date":"2023-07-26T19:26:06","date_gmt":"2023-07-27T00:26:06","guid":{"rendered":"https:\/\/dunger.com.co\/?post_type=product&#038;p=1316"},"modified":"2026-04-27T16:13:32","modified_gmt":"2026-04-27T21:13:32","slug":"koxidun","status":"publish","type":"product","link":"https:\/\/dunger.com.co\/en\/product\/koxidun\/","title":{"rendered":"KOXIDUN"},"content":{"rendered":"<p>The fungicide and bactericide KoxiDun SL is a preventative product, so to obtain the best results it should be applied before the symptoms of the disease appear or when the weather conditions are favorable to the development and spread of these.<\/p>\n<div class=\"composicion\">\n<p>Guaranteed composition<\/p>\n<\/div>\n<div class=\"container\">\n<table>\n<tbody>\n<tr>\n<td>Polyhexamethylene guanidine (PHMG)<\/td>\n<td>100 g\/L<\/td>\n<\/tr>\n<tr>\n<td>Copper hydroxide<\/td>\n<td>250 g\/L<\/td>\n<\/tr>\n<tr>\n<td>Density<\/td>\n<td>1,069 g\/mL<\/td>\n<\/tr>\n<\/tbody>\n<\/table>\n<\/div>\n<div class=\"presentacion\">\n<p>Available in: 1 litre, 4 litres, 20 litres<\/p>\n<\/div>\n<div class=\"descargas\">\n<p>Find out more in the documents below!<\/p>\n<\/div>\n<div class=\"flex\"><a class=\"fcc-btn\" href=\"http:\/\/dunger.com.co\/wp-content\/uploads\/2026\/04\/FICHA-TECNICA-KOXIDUN.pdf\" target=\"_blank\" rel=\"noopener\">Technical data sheet<\/a><a class=\"fcc-btn\" href=\"http:\/\/dunger.com.co\/wp-content\/uploads\/2026\/04\/HOJA-DE-SEGURIDAD-KOXIDUN.pdf\" target=\"_blank\" rel=\"noopener\">Safety data sheet<\/a><\/div>","protected":false},"excerpt":{"rendered":"<p>El fungicida y bactericida KoxiDun SL, es un producto preventivo, por lo que, para obtener los mejores resultados debe aplicarse antes de que aparezcan los s\u00edntomas de la enfermedad o bien, cuando las condiciones clim\u00e1ticas sean favorables al desarrollo y diseminaci\u00f3n de \u00e9stas. Composici\u00f3n garantizada Polihexametilen guanidina (PHMG) 100 g\/L Hidr\u00f3xido de cobre 250 g\/L [&hellip;]<\/p>","protected":false},"featured_media":2279,"comment_status":"open","ping_status":"closed","template":"","meta":[],"product_cat":[27],"product_tag":[],"_links":{"self":[{"href":"https:\/\/dunger.com.co\/en\/wp-json\/wp\/v2\/product\/1316"}],"collection":[{"href":"https:\/\/dunger.com.co\/en\/wp-json\/wp\/v2\/product"}],"about":[{"href":"https:\/\/dunger.com.co\/en\/wp-json\/wp\/v2\/types\/product"}],"replies":[{"embeddable":true,"href":"https:\/\/dunger.com.co\/en\/wp-json\/wp\/v2\/comments?post=1316"}],"wp:featuredmedia":[{"embeddable":true,"href":"https:\/\/dunger.com.co\/en\/wp-json\/wp\/v2\/media\/2279"}],"wp:attachment":[{"href":"https:\/\/dunger.com.co\/en\/wp-json\/wp\/v2\/media?parent=1316"}],"wp:term":[{"taxonomy":"product_cat","embeddable":true,"href":"https:\/\/dunger.com.co\/en\/wp-json\/wp\/v2\/product_cat?post=1316"},{"taxonomy":"product_tag","embeddable":true,"href":"https:\/\/dunger.com.co\/en\/wp-json\/wp\/v2\/product_tag?post=1316"}],"curies":[{"name":"wp","href":"https:\/\/api.w.org\/{rel}","templated":true}]}}