{"id":1317,"date":"2023-07-26T19:26:47","date_gmt":"2023-07-27T00:26:47","guid":{"rendered":"https:\/\/dunger.com.co\/?post_type=product&#038;p=1317"},"modified":"2026-04-27T16:12:29","modified_gmt":"2026-04-27T21:12:29","slug":"alguiproduccion","status":"publish","type":"product","link":"https:\/\/dunger.com.co\/en\/product\/alguiproduccion\/","title":{"rendered":"ALGUIPRODUCCI\u00d3N"},"content":{"rendered":"<p>The ALGUIPRODUCCI\u00d3N special formula, being a fertilizer highly concentrated in potassium and Ascophyllum nodosum extract, efficiently supplies the crop's requirement in productive stages to strengthen the formation and quality of the fruits. The high concentration of potassium and balance of nitrogen and Ascophyllum nodosum extract that the ALGUIPRODUCCI\u00d3N special formula offers to plants in productive stages, facilitates the full development of the flower, its sustainability and the quality of the fruits.<\/p>\n<div class=\"composicion\">\n<p>Guaranteed composition<\/p>\n<\/div>\n<div class=\"container\">\n<table>\n<tbody>\n<tr>\n<td>Total Nitrogen (N)<\/td>\n<td>6.5%<\/td>\n<\/tr>\n<tr>\n<td>Assimilable phosphorus (P\u2082O\u2085)<\/td>\n<td>1.5%<\/td>\n<\/tr>\n<tr>\n<td>Water-soluble potassium (K\u2082O)<\/td>\n<td>51%<\/td>\n<\/tr>\n<tr>\n<td>Ascophyllum nodosum extract<\/td>\n<td>1%<\/td>\n<\/tr>\n<tr>\n<td>Solubility in water at 20\u00b0C<\/td>\n<td>35 g\/100 mL<\/td>\n<\/tr>\n<\/tbody>\n<\/table>\n<\/div>\n<div class=\"presentacion\">\n<p>Available in: 20 Kg<\/p>\n<\/div>\n<div class=\"descargas\">\n<p>Find out more in the documents below!<\/p>\n<\/div>\n<div class=\"flex\"><a class=\"fcc-btn\" href=\"http:\/\/dunger.com.co\/wp-content\/uploads\/2026\/04\/FICHA-TECNICA-ALGUIPRODUCCION.pdf\" target=\"_blank\" rel=\"noopener\">Technical data sheet<\/a><a class=\"fcc-btn\" href=\"http:\/\/dunger.com.co\/wp-content\/uploads\/2026\/04\/HOJA-DE-SEGURIDAD-ALGUIPRODUCCION.pdf\" target=\"_blank\" rel=\"noopener\">Safety data sheet<\/a><\/div>","protected":false},"excerpt":{"rendered":"<p>La f\u00f3rmula especial ALGUIPRODUCCI\u00d3N al ser fertilizante altamente concentrado en potasio y extracto de Ascophyllum nodosum suple de manera eficiente el requerimiento del cultivo en etapas productivas para fortalecer la formaci\u00f3n y calidad de los frutos. La alta concentraci\u00f3n de potasio y balance de nitr\u00f3geno y extracto de Ascophyllum nodosum que la f\u00f3rmula especial ALGUIPRODUCCI\u00d3N [&hellip;]<\/p>","protected":false},"featured_media":1661,"comment_status":"open","ping_status":"closed","template":"","meta":[],"product_cat":[28],"product_tag":[],"_links":{"self":[{"href":"https:\/\/dunger.com.co\/en\/wp-json\/wp\/v2\/product\/1317"}],"collection":[{"href":"https:\/\/dunger.com.co\/en\/wp-json\/wp\/v2\/product"}],"about":[{"href":"https:\/\/dunger.com.co\/en\/wp-json\/wp\/v2\/types\/product"}],"replies":[{"embeddable":true,"href":"https:\/\/dunger.com.co\/en\/wp-json\/wp\/v2\/comments?post=1317"}],"wp:featuredmedia":[{"embeddable":true,"href":"https:\/\/dunger.com.co\/en\/wp-json\/wp\/v2\/media\/1661"}],"wp:attachment":[{"href":"https:\/\/dunger.com.co\/en\/wp-json\/wp\/v2\/media?parent=1317"}],"wp:term":[{"taxonomy":"product_cat","embeddable":true,"href":"https:\/\/dunger.com.co\/en\/wp-json\/wp\/v2\/product_cat?post=1317"},{"taxonomy":"product_tag","embeddable":true,"href":"https:\/\/dunger.com.co\/en\/wp-json\/wp\/v2\/product_tag?post=1317"}],"curies":[{"name":"wp","href":"https:\/\/api.w.org\/{rel}","templated":true}]}}