{"id":1319,"date":"2023-07-26T19:27:21","date_gmt":"2023-07-27T00:27:21","guid":{"rendered":"https:\/\/dunger.com.co\/?post_type=product&#038;p=1319"},"modified":"2026-04-27T16:11:00","modified_gmt":"2026-04-27T21:11:00","slug":"alguinicio","status":"publish","type":"product","link":"https:\/\/dunger.com.co\/en\/product\/alguinicio\/","title":{"rendered":"ALGUINICIO"},"content":{"rendered":"<p>The ALGUINICIO special formula, being a highly concentrated fertilizer in phosphorus balanced with nitrogen, zinc and Ascophyllum nodosum extract, efficiently supplies the crop's requirement and stimulates the development of phytohormones in the plant. The high concentration of phosphorus and balance of nitrogen plus zinc and Ascophyllum nodosum extract that the ALGUINICIO special formula offers to plants in their initial stages, facilitates the full development of roots and vegetative structures.<\/p>\n<div class=\"composicion\">\n<p>Guaranteed composition<\/p>\n<\/div>\n<div class=\"container\">\n<table>\n<tbody>\n<tr>\n<td>Total Nitrogen (N)<\/td>\n<td>9%<\/td>\n<\/tr>\n<tr>\n<td>Assimilable phosphorus (P\u2082O\u2085)<\/td>\n<td>57%<\/td>\n<\/tr>\n<tr>\n<td>Water-soluble potassium (K\u2082O)<\/td>\n<td>0%<\/td>\n<\/tr>\n<tr>\n<td>Zinc (Zn)<\/td>\n<td>1.7%<\/td>\n<\/tr>\n<tr>\n<td>Ascophyllum nodosum extract<\/td>\n<td>1%<\/td>\n<\/tr>\n<tr>\n<td>pH in solution<\/td>\n<td>4.2 &#8211; 4.7<\/td>\n<\/tr>\n<tr>\n<td>Solubility in water at 20\u00b0C<\/td>\n<td>37g \/ 100 mL<\/td>\n<\/tr>\n<tr>\n<td>Electrical conductivity 1 g\/L<\/td>\n<td>0.8 (ms\/cm)<\/td>\n<\/tr>\n<\/tbody>\n<\/table>\n<\/div>\n<div class=\"presentacion\">\n<p>Available in: 20 Kg<\/p>\n<\/div>\n<div class=\"descargas\">\n<p>Find out more in the documents below!<\/p>\n<\/div>\n<div class=\"flex\"><a class=\"fcc-btn\" href=\"http:\/\/dunger.com.co\/wp-content\/uploads\/2026\/04\/FICHA-TECNICA-ALGUINICIO.pdf\" target=\"_blank\" rel=\"noopener\">Technical data sheet<\/a><a class=\"fcc-btn\" href=\"http:\/\/dunger.com.co\/wp-content\/uploads\/2026\/04\/HOJA-DE-SEGURIDAD-ALGUINICIO.pdf\" target=\"_blank\" rel=\"noopener\">Safety data sheet<\/a><\/div>","protected":false},"excerpt":{"rendered":"<p>La f\u00f3rmula especial ALGUINICIO al ser un fertilizante altamente concentrado en f\u00f3sforo balanceado con nitr\u00f3geno, zinc y extracto de Ascophyllum nodosum suple de manera eficiente el requerimiento del cultivo y estimula el desarrollo de fitohormonas en la planta. La alta concentraci\u00f3n de f\u00f3sforo y balance de nitr\u00f3geno m\u00e1s zinc y extracto de Ascophyllum nodosum que [&hellip;]<\/p>","protected":false},"featured_media":1663,"comment_status":"open","ping_status":"closed","template":"","meta":[],"product_cat":[28],"product_tag":[],"_links":{"self":[{"href":"https:\/\/dunger.com.co\/en\/wp-json\/wp\/v2\/product\/1319"}],"collection":[{"href":"https:\/\/dunger.com.co\/en\/wp-json\/wp\/v2\/product"}],"about":[{"href":"https:\/\/dunger.com.co\/en\/wp-json\/wp\/v2\/types\/product"}],"replies":[{"embeddable":true,"href":"https:\/\/dunger.com.co\/en\/wp-json\/wp\/v2\/comments?post=1319"}],"wp:featuredmedia":[{"embeddable":true,"href":"https:\/\/dunger.com.co\/en\/wp-json\/wp\/v2\/media\/1663"}],"wp:attachment":[{"href":"https:\/\/dunger.com.co\/en\/wp-json\/wp\/v2\/media?parent=1319"}],"wp:term":[{"taxonomy":"product_cat","embeddable":true,"href":"https:\/\/dunger.com.co\/en\/wp-json\/wp\/v2\/product_cat?post=1319"},{"taxonomy":"product_tag","embeddable":true,"href":"https:\/\/dunger.com.co\/en\/wp-json\/wp\/v2\/product_tag?post=1319"}],"curies":[{"name":"wp","href":"https:\/\/api.w.org\/{rel}","templated":true}]}}