{"id":944,"date":"2023-06-23T15:23:46","date_gmt":"2023-06-23T20:23:46","guid":{"rendered":"https:\/\/dunger.com.co\/?post_type=product&#038;p=944"},"modified":"2026-04-27T16:21:17","modified_gmt":"2026-04-27T21:21:17","slug":"alguimgnesio","status":"publish","type":"product","link":"https:\/\/dunger.com.co\/en\/product\/alguimgnesio\/","title":{"rendered":"ALGUIMgNESIO"},"content":{"rendered":"<p class=\"translation-block\">ALGUIMgNESIO is a complex that integrates magnesium and adjuvants in its<br>formulation and is used to provide exclusively magnesium to the<br>plant in an efficient and fast manner in any<br>type of soil condition with an excellent cost-benefit ratio.<\/p>\n<p>ALGUIMgNESIO is recommended to be applied to the soil, according to the needs of the crop, and the applications should be dosed according to the phenological stages in which the crop is found, using the lowest doses in young crops and higher doses in well-developed crops with high magnesium requirements, which generally occur during fruiting.<\/p>\n<div class=\"composicion\">\n<p>Guaranteed composition<\/p>\n<\/div>\n<div class=\"container\">\n<table>\n<tbody>\n<tr>\n<td>Magnesium (MgO)<\/td>\n<td>400 g\/L<\/td>\n<\/tr>\n<tr>\n<td>Oxidizable Organic Carbon (CO)<\/td>\n<td>14 g\/L<\/td>\n<\/tr>\n<\/tbody>\n<\/table>\n<\/div>\n<div class=\"presentacion\">\n<p>Available in: 1 liter 1-5 and 55 gallons<\/p>\n<\/div>\n<div class=\"descargas\">\n<p>Find out more in the documents below!<\/p>\n<\/div>\n<div class=\"flex\"><a class=\"fcc-btn\" href=\"http:\/\/dunger.com.co\/wp-content\/uploads\/2026\/04\/FICHA-TECNICA-ALGUIMGNESIO-ICA.pdf\" target=\"_blank\" rel=\"noopener\">Technical data sheet<\/a><br \/>\n<a class=\"fcc-btn\" href=\"http:\/\/dunger.com.co\/wp-content\/uploads\/2026\/04\/HOJA-DE-SEGURIDAD-ALGUIMAGNESIO-ICA.pdf\" target=\"_blank\" rel=\"noopener\">Safety data sheet<\/a><\/div>","protected":false},"excerpt":{"rendered":"<p>ALGUIMgNESIO es un complejo que integra en su formulaci\u00f3n magnesio y coadyuvantes y es utilizado para aportar exclusivamente magnesio a la planta de manera eficiente y veloz en cualquier tipo de condici\u00f3n ed\u00e1fica con excelente relaci\u00f3n costo-beneficio. ALGUIMgNESIO se recomienda aplicarlo al suelo, seg\u00fan las necesidades del cultivo, debiendo dosificarse las aplicaciones de acuerdo a [&hellip;]<\/p>","protected":false},"featured_media":786,"comment_status":"open","ping_status":"closed","template":"","meta":[],"product_cat":[21],"product_tag":[],"_links":{"self":[{"href":"https:\/\/dunger.com.co\/en\/wp-json\/wp\/v2\/product\/944"}],"collection":[{"href":"https:\/\/dunger.com.co\/en\/wp-json\/wp\/v2\/product"}],"about":[{"href":"https:\/\/dunger.com.co\/en\/wp-json\/wp\/v2\/types\/product"}],"replies":[{"embeddable":true,"href":"https:\/\/dunger.com.co\/en\/wp-json\/wp\/v2\/comments?post=944"}],"wp:featuredmedia":[{"embeddable":true,"href":"https:\/\/dunger.com.co\/en\/wp-json\/wp\/v2\/media\/786"}],"wp:attachment":[{"href":"https:\/\/dunger.com.co\/en\/wp-json\/wp\/v2\/media?parent=944"}],"wp:term":[{"taxonomy":"product_cat","embeddable":true,"href":"https:\/\/dunger.com.co\/en\/wp-json\/wp\/v2\/product_cat?post=944"},{"taxonomy":"product_tag","embeddable":true,"href":"https:\/\/dunger.com.co\/en\/wp-json\/wp\/v2\/product_tag?post=944"}],"curies":[{"name":"wp","href":"https:\/\/api.w.org\/{rel}","templated":true}]}}