{"id":945,"date":"2023-06-23T15:24:01","date_gmt":"2023-06-23T20:24:01","guid":{"rendered":"https:\/\/dunger.com.co\/?post_type=product&#038;p=945"},"modified":"2026-04-27T16:22:02","modified_gmt":"2026-04-27T21:22:02","slug":"alguiraiz","status":"publish","type":"product","link":"https:\/\/dunger.com.co\/en\/product\/alguiraiz\/","title":{"rendered":"ALGUIRA\u00cdZ"},"content":{"rendered":"<p>ALGUIRA\u00cdZ is a combination of zinc and organic acids whose purpose is to induce the emission of roots, as well as strengthen their subsequent growth. It helps to strengthen the roots due to the organic acids contained in its formulation and activates the plant metabolically by inducing its own formation of auxins.<\/p>\n<div class=\"composicion\">\n<p>Guaranteed composition<\/p>\n<\/div>\n<div class=\"container\">\n<table>\n<tbody>\n<tr>\n<td>Zinc (Zn)<\/td>\n<td>11.2 %<\/td>\n<\/tr>\n<tr>\n<td>Total sulfur (s)<\/td>\n<td>5.6%<\/td>\n<\/tr>\n<tr>\n<td>Humic carbon extract<\/td>\n<td>25.5%<\/td>\n<\/tr>\n<tr>\n<td>Oxidizable Organic Carbon<\/td>\n<td>30%<\/td>\n<\/tr>\n<\/tbody>\n<\/table>\n<\/div>\n<div class=\"presentacion\">\n<p>Available in: 1Kg, 3Kg and 9Kg<\/p>\n<\/div>\n<div class=\"descargas\">\n<p>Find out more in the documents below!<\/p>\n<\/div>\n<\/div>\n<div class=\"flex\"><a class=\"fcc-btn\" href=\"http:\/\/dunger.com.co\/wp-content\/uploads\/2026\/04\/FICHA-TECNICA-ALGUIRAIZ.pdf\" target=\"_blank\" rel=\"noopener\">Technical data sheet<\/a><a class=\"fcc-btn\" href=\"http:\/\/dunger.com.co\/wp-content\/uploads\/2026\/04\/HOJA-DE-SEGURIDAD-ALGUIRAIZ-.pdf\" target=\"_blank\" rel=\"noopener\">Safety data sheet<\/a><\/div>","protected":false},"excerpt":{"rendered":"<p>ALGUIRA\u00cdZ es una combinaci\u00f3n de zinc y \u00e1cidos org\u00e1nicos cuya finalidad es inducir la emisi\u00f3n de ra\u00edces, as\u00ed como fortalecer su crecimiento posterior. Ayuda al fortalecimiento radicular debido a los \u00e1cidos org\u00e1nicos contenidos en su formulaci\u00f3n y activa la planta metab\u00f3licamente al inducir su propia formaci\u00f3n de auxinas. Composici\u00f3n garantizada Zinc (Zn) 11.2 % Azufre [&hellip;]<\/p>","protected":false},"featured_media":787,"comment_status":"open","ping_status":"closed","template":"","meta":[],"product_cat":[26],"product_tag":[],"_links":{"self":[{"href":"https:\/\/dunger.com.co\/en\/wp-json\/wp\/v2\/product\/945"}],"collection":[{"href":"https:\/\/dunger.com.co\/en\/wp-json\/wp\/v2\/product"}],"about":[{"href":"https:\/\/dunger.com.co\/en\/wp-json\/wp\/v2\/types\/product"}],"replies":[{"embeddable":true,"href":"https:\/\/dunger.com.co\/en\/wp-json\/wp\/v2\/comments?post=945"}],"wp:featuredmedia":[{"embeddable":true,"href":"https:\/\/dunger.com.co\/en\/wp-json\/wp\/v2\/media\/787"}],"wp:attachment":[{"href":"https:\/\/dunger.com.co\/en\/wp-json\/wp\/v2\/media?parent=945"}],"wp:term":[{"taxonomy":"product_cat","embeddable":true,"href":"https:\/\/dunger.com.co\/en\/wp-json\/wp\/v2\/product_cat?post=945"},{"taxonomy":"product_tag","embeddable":true,"href":"https:\/\/dunger.com.co\/en\/wp-json\/wp\/v2\/product_tag?post=945"}],"curies":[{"name":"wp","href":"https:\/\/api.w.org\/{rel}","templated":true}]}}