{"id":955,"date":"2023-06-23T15:44:21","date_gmt":"2023-06-23T20:44:21","guid":{"rendered":"https:\/\/dunger.com.co\/?post_type=product&#038;p=955"},"modified":"2026-04-27T16:19:44","modified_gmt":"2026-04-27T21:19:44","slug":"pholyclean","status":"publish","type":"product","link":"https:\/\/dunger.com.co\/en\/product\/pholyclean\/","title":{"rendered":"PHOLY CLEAN"},"content":{"rendered":"<p>PHOLY CLEAN has a broad spectrum of bactericidal, fungicidal and virucidal action. The mechanism of action is based on its positive charges that neutralize the negative charges and modify the permeability of the microorganism's cell membrane, releasing the internal constituents and ultimately causing the death of the microbial cell.<\/p>\n<div class=\"composicion\">\n<p>Guaranteed composition<\/p>\n<\/div>\n<div class=\"container\">\n<table>\n<tbody>\n<tr>\n<td>Nitrogen<\/td>\n<td>50 g\/L<\/td>\n<\/tr>\n<tr>\n<td>Copper<\/td>\n<td>23 g\/L<\/td>\n<\/tr>\n<tr>\n<td>Density<\/td>\n<td>1 g\/cc<\/td>\n<\/tr>\n<tr>\n<td>pH in 10% solution<\/td>\n<td>4,63<\/td>\n<\/tr>\n<tr>\n<td>Electrical conductivity<\/td>\n<td>0,642 ds\/m<\/td>\n<\/tr>\n<\/tbody>\n<\/table>\n<\/div>\n<div class=\"presentacion\">\n<p>Available in: 1 litre, 4 litres, 20 litres<\/p>\n<\/div>\n<div class=\"descargas\">\n<p>Find out more in the documents below!<\/p>\n<\/div>\n<\/div>\n<div class=\"flex\"><a class=\"fcc-btn\" href=\"http:\/\/dunger.com.co\/wp-content\/uploads\/2026\/04\/FICHA-TECNICA-PHOLYCLEAN-ICA.pdf\" target=\"_blank\" rel=\"noopener\">Technical data sheet<\/a><a class=\"fcc-btn\" href=\"http:\/\/dunger.com.co\/wp-content\/uploads\/2026\/04\/HOJA-DE-SEGURIDAD-PHOLYCLEAN-ICA.pdf\" target=\"_blank\" rel=\"noopener\">Safety data sheet<\/a><\/div>","protected":false},"excerpt":{"rendered":"<p>PHOLY CLEAN presenta amplio espectro de acci\u00f3n bactericida, fungicida y virucida. El mecanismo de acci\u00f3n se fundamenta en sus cargas positivas que neutralizan las cargas negativas y modifican la permeabilidad de la membrana celular del microorganismo, liberando los constituyentes internos y ocasionando finalmente la muerte de la c\u00e9lula microbiana. Composici\u00f3n garantizada Nitr\u00f3geno 50 g\/L Cobre [&hellip;]<\/p>","protected":false},"featured_media":2363,"comment_status":"open","ping_status":"closed","template":"","meta":[],"product_cat":[27],"product_tag":[],"_links":{"self":[{"href":"https:\/\/dunger.com.co\/en\/wp-json\/wp\/v2\/product\/955"}],"collection":[{"href":"https:\/\/dunger.com.co\/en\/wp-json\/wp\/v2\/product"}],"about":[{"href":"https:\/\/dunger.com.co\/en\/wp-json\/wp\/v2\/types\/product"}],"replies":[{"embeddable":true,"href":"https:\/\/dunger.com.co\/en\/wp-json\/wp\/v2\/comments?post=955"}],"wp:featuredmedia":[{"embeddable":true,"href":"https:\/\/dunger.com.co\/en\/wp-json\/wp\/v2\/media\/2363"}],"wp:attachment":[{"href":"https:\/\/dunger.com.co\/en\/wp-json\/wp\/v2\/media?parent=955"}],"wp:term":[{"taxonomy":"product_cat","embeddable":true,"href":"https:\/\/dunger.com.co\/en\/wp-json\/wp\/v2\/product_cat?post=955"},{"taxonomy":"product_tag","embeddable":true,"href":"https:\/\/dunger.com.co\/en\/wp-json\/wp\/v2\/product_tag?post=955"}],"curies":[{"name":"wp","href":"https:\/\/api.w.org\/{rel}","templated":true}]}}